{"id":314,"date":"2015-08-12T14:26:12","date_gmt":"2015-08-12T13:26:12","guid":{"rendered":"http:\/\/93.191.131.246\/~socialjobs\/?page_id=314"},"modified":"2018-06-25T17:58:30","modified_gmt":"2018-06-25T15:58:30","slug":"faq","status":"publish","type":"page","link":"https:\/\/www.thebestsocialjobs.com\/de\/faq\/","title":{"rendered":"FAQ"},"content":{"rendered":"<p><b>Was ist The Best Social Jobs?<br \/>\n<\/b><span style=\"font-weight: 400;\">The Best Social Jobs ist eine Jobb\u00f6rse f\u00fcr die Social Media Branche. Du findest ausschlie\u00dflich Stellenausschreibungen, die eine Verbindung zum Social Media Bereich aufweisen. The Best Social Jobs ist eine Initiative von <a href=\"http:\/\/www.thebest.social\">The Best Social,<\/a> einem Amsterdamer Unternehmen, das Social Media <a href=\"https:\/\/www.thebestsocial.media\/nl\/10-cliches-over-werken-in-de-social-media-branche\/\">lebt<\/a> und atmet, indem es die Qualit\u00e4t, Innovation und Unterhaltung sozialer Inhalte hervorhebt.<\/span><span style=\"font-weight: 400;\"><b><br \/>\n<\/b><\/span><\/p>\n<p><b>Was kostet die Ausschreibung einer Stelle?<br \/>\n<\/b>Abh\u00e4ngig davon, ob eine oder mehrere Stellen ausgeschrieben werden, \u00e4ndert sich der Preis. Eine einzelne Stelle kostet 225 \u20ac und ein Praktikumsplatz 100 \u20ac. Wirf einen Blick auf <a href=\"https:\/\/www.thebestsocialjobs.com\/de\/stelle-ausschreiben\/\">diese Seite<\/a> f\u00fcr alle Tarife. M\u00f6chtest Du Deine Stellenausschreibung nur unter den Followern von The Best Social Jobs teilen? Dann kannst Du dies nun mit der Option \u201cStellenausschreibung teilen\u201d f\u00fcr 100 \u20ac tun. Du stellst selbst einen Link zur Verf\u00fcgung, denn wir dann auf<a href=\"https:\/\/www.facebook.com\/thebestsocialjobs\/\"> Facebook<\/a>\u00a0und <a href=\"https:\/\/www.linkedin.com\/company\/the-best-social-jobs-de\/\">LinkedIn<\/a> posten.<\/p>\n<p><b>Wie kann ich meinen Gutscheincode einl\u00f6sen?<br \/>\n<\/b><a href=\"https:\/\/www.thebestsocialjobs.com\/de\/stelle-ausschreiben\/\">Erstelle eine Stellenausschreibung<\/a> und durchlaufe Schritt 1 und Schritt 2. Bei Schritt 3 kannst Du rechts oben Deinen Gutscheincode einf\u00fcgen.<\/p>\n<p><a href=\"https:\/\/www.thebestsocialjobs.com\/de\/wp-content\/uploads\/2018\/04\/Schermafbeelding-2018-04-17-om-09.16.18.png\"><img loading=\"lazy\" decoding=\"async\" class=\"alignnone wp-image-15050 size-full\" src=\"https:\/\/www.thebestsocialjobs.com\/de\/wp-content\/uploads\/2018\/04\/Schermafbeelding-2018-04-17-om-09.16.18.png\" alt=\"\" width=\"976\" height=\"449\" srcset=\"https:\/\/www.thebestsocialjobs.com\/de\/wp-content\/uploads\/2018\/04\/Schermafbeelding-2018-04-17-om-09.16.18.png 976w, https:\/\/www.thebestsocialjobs.com\/de\/wp-content\/uploads\/2018\/04\/Schermafbeelding-2018-04-17-om-09.16.18-300x138.png 300w, https:\/\/www.thebestsocialjobs.com\/de\/wp-content\/uploads\/2018\/04\/Schermafbeelding-2018-04-17-om-09.16.18-768x353.png 768w, https:\/\/www.thebestsocialjobs.com\/de\/wp-content\/uploads\/2018\/04\/Schermafbeelding-2018-04-17-om-09.16.18-200x92.png 200w, https:\/\/www.thebestsocialjobs.com\/de\/wp-content\/uploads\/2018\/04\/Schermafbeelding-2018-04-17-om-09.16.18-100x46.png 100w\" sizes=\"auto, (max-width: 976px) 100vw, 976px\" \/><\/a><\/p>\n<p><b>Wie lange bleibt meine Stellenausschreibung online?<br \/>\n<\/b>Deine Stellenausschreibung bleibt f\u00fcr 45 Tage online. Sobald diese Zeitspanne vor\u00fcber ist, landet sie automatisch im Archiv. M\u00f6chtest Du Deine Stellenausschreibung vorher von der Plattform runter nehmen? Kein Problem, du kannst diese jederzeit eigenst\u00e4ndig deaktivieren.<\/p>\n<p><b>Welche Resonanz kann ich auf meine Stellenausschreibung erwarten?<br \/>\n<\/b>Das h\u00e4ngt selbstverst\u00e4ndlich ganz von der Funktion der Stelle und der Qualit\u00e4t der Stellenausschreibung ab. Einige Stellenausschreibungen erhalten hunderte Reaktionen, andere wiederum nur ein paar wenige. Sorge daf\u00fcr, dass die Stellenausschreibung f\u00fcr die Social Media Branche selbst gut ist, indem Du<a href=\"https:\/\/www.thebestsocialjobs.com\/de\/stelle-ausschreiben\/\"> unsere Anleitung<\/a> befolgst und die Stellenausschreibung aktiv in dem hauseigenen Firmennetzwerk verbreitest.<\/p>\n<p><strong>Wie schaut eine Erw\u00e4hnung auf The Best Social Media DE aus?<\/strong><\/p>\n<p>Die Erw\u00e4hnungen werden an die Stellenanzeige angepasst. Es ist m\u00f6glich, individuelle und spezifische Absprachen zu machen. <a href=\"https:\/\/www.thebestsocial.media\/de\/diese-7-lustigen-dinge-solltest-du-im-buero-unbedingt-vermeiden\/\">Hier ein Beispiel<\/a> f\u00fcr unseren Partner <a href=\"https:\/\/www.thebestsocialjobs.com\/de\/bedrijf\/WeAreSocial\/\">We Are Social<\/a>.<\/p>\n<p><b>Meine Frage ist nicht gelistet<br \/>\n<\/b>Nimm gerne Kontakt mit uns auf, via<a href=\"https:\/\/www.facebook.com\/thebestsocialjobs\/\"> Facebook<\/a> oder <a href=\"mailto:info@thebestsocialjobs.com\">E-Mail<\/a>. Wir werden Dir dann schnellstm\u00f6glich weiterhelfen.<\/p>\n<p>&nbsp;<\/p>\n","protected":false},"excerpt":{"rendered":"<p>Was ist The Best Social Jobs? The Best Social Jobs ist eine Jobb\u00f6rse f\u00fcr die Social Media Branche. Du findest ausschlie\u00dflich Stellenausschreibungen, die eine Verbindung zum Social Media Bereich aufweisen. The Best Social Jobs ist eine Initiative von The Best Social, einem Amsterdamer Unternehmen, das Social Media lebt und atmet, indem es die Qualit\u00e4t, Innovation [&hellip;]<\/p>\n","protected":false},"author":1,"featured_media":15143,"parent":0,"menu_order":0,"comment_status":"open","ping_status":"open","template":"","meta":{"footnotes":""},"class_list":["post-314","page","type-page","status-publish","has-post-thumbnail","hentry"],"yoast_head":"<!-- This site is optimized with the Yoast SEO plugin v27.5 - https:\/\/yoast.com\/product\/yoast-seo-wordpress\/ -->\n<title>FAQ: The Best Social Jobs \u2013\u00a0in der Social Media Branche<\/title>\n<meta name=\"description\" content=\"The Best Social Jobs ist eine Jobb\u00f6rse f\u00fcr die Social Media Branche. Du findest ausschlie\u00dflich Stellenausschreibungen, die eine Verbindung zum Social Media Bereich aufweisen.\" \/>\n<meta name=\"robots\" content=\"index, follow, max-snippet:-1, max-image-preview:large, max-video-preview:-1\" \/>\n<link rel=\"canonical\" href=\"https:\/\/www.thebestsocialjobs.com\/de\/faq\/\" \/>\n<meta property=\"og:locale\" content=\"de_DE\" \/>\n<meta property=\"og:type\" content=\"article\" \/>\n<meta property=\"og:title\" content=\"FAQ: The Best Social Jobs \u2013\u00a0in der Social Media Branche\" \/>\n<meta property=\"og:description\" content=\"The Best Social Jobs ist eine Jobb\u00f6rse f\u00fcr die Social Media Branche. Du findest ausschlie\u00dflich Stellenausschreibungen, die eine Verbindung zum Social Media Bereich aufweisen.\" \/>\n<meta property=\"og:url\" content=\"https:\/\/www.thebestsocialjobs.com\/de\/faq\/\" \/>\n<meta property=\"og:site_name\" content=\"The Best Social Jobs\" \/>\n<meta property=\"article:modified_time\" content=\"2018-06-25T15:58:30+00:00\" \/>\n<meta property=\"og:image\" content=\"https:\/\/www.thebestsocialjobs.com\/de\/wp-content\/uploads\/2018\/06\/LOGO_THEBESTSOCIAL-1.png\" \/>\n\t<meta property=\"og:image:width\" content=\"800\" \/>\n\t<meta property=\"og:image:height\" content=\"924\" \/>\n\t<meta property=\"og:image:type\" content=\"image\/png\" \/>\n<meta name=\"twitter:card\" content=\"summary_large_image\" \/>\n<meta name=\"twitter:label1\" content=\"Gesch\u00e4tzte Lesezeit\" \/>\n\t<meta name=\"twitter:data1\" content=\"2\u00a0Minuten\" \/>\n<script type=\"application\/ld+json\" class=\"yoast-schema-graph\">{\"@context\":\"https:\\\/\\\/schema.org\",\"@graph\":[{\"@type\":\"WebPage\",\"@id\":\"https:\\\/\\\/www.thebestsocialjobs.com\\\/de\\\/faq\\\/\",\"url\":\"https:\\\/\\\/www.thebestsocialjobs.com\\\/de\\\/faq\\\/\",\"name\":\"FAQ: The Best Social Jobs \u2013\u00a0in der Social Media Branche\",\"isPartOf\":{\"@id\":\"https:\\\/\\\/www.thebestsocialjobs.com\\\/de\\\/#website\"},\"primaryImageOfPage\":{\"@id\":\"https:\\\/\\\/www.thebestsocialjobs.com\\\/de\\\/faq\\\/#primaryimage\"},\"image\":{\"@id\":\"https:\\\/\\\/www.thebestsocialjobs.com\\\/de\\\/faq\\\/#primaryimage\"},\"thumbnailUrl\":\"https:\\\/\\\/www.thebestsocialjobs.com\\\/de\\\/wp-content\\\/uploads\\\/2018\\\/06\\\/LOGO_THEBESTSOCIAL-1.png\",\"datePublished\":\"2015-08-12T13:26:12+00:00\",\"dateModified\":\"2018-06-25T15:58:30+00:00\",\"description\":\"The Best Social Jobs ist eine Jobb\u00f6rse f\u00fcr die Social Media Branche. Du findest ausschlie\u00dflich Stellenausschreibungen, die eine Verbindung zum Social Media Bereich aufweisen.\",\"breadcrumb\":{\"@id\":\"https:\\\/\\\/www.thebestsocialjobs.com\\\/de\\\/faq\\\/#breadcrumb\"},\"inLanguage\":\"de\",\"potentialAction\":[{\"@type\":\"ReadAction\",\"target\":[\"https:\\\/\\\/www.thebestsocialjobs.com\\\/de\\\/faq\\\/\"]}]},{\"@type\":\"ImageObject\",\"inLanguage\":\"de\",\"@id\":\"https:\\\/\\\/www.thebestsocialjobs.com\\\/de\\\/faq\\\/#primaryimage\",\"url\":\"https:\\\/\\\/www.thebestsocialjobs.com\\\/de\\\/wp-content\\\/uploads\\\/2018\\\/06\\\/LOGO_THEBESTSOCIAL-1.png\",\"contentUrl\":\"https:\\\/\\\/www.thebestsocialjobs.com\\\/de\\\/wp-content\\\/uploads\\\/2018\\\/06\\\/LOGO_THEBESTSOCIAL-1.png\",\"width\":800,\"height\":924,\"caption\":\"Social Media Branche\"},{\"@type\":\"BreadcrumbList\",\"@id\":\"https:\\\/\\\/www.thebestsocialjobs.com\\\/de\\\/faq\\\/#breadcrumb\",\"itemListElement\":[{\"@type\":\"ListItem\",\"position\":1,\"name\":\"Home\",\"item\":\"https:\\\/\\\/www.thebestsocialjobs.com\\\/de\\\/\"},{\"@type\":\"ListItem\",\"position\":2,\"name\":\"FAQ\"}]},{\"@type\":\"WebSite\",\"@id\":\"https:\\\/\\\/www.thebestsocialjobs.com\\\/de\\\/#website\",\"url\":\"https:\\\/\\\/www.thebestsocialjobs.com\\\/de\\\/\",\"name\":\"The Best Social Jobs\",\"description\":\"Die besten Social Media Stellenausschreibungen\",\"potentialAction\":[{\"@type\":\"SearchAction\",\"target\":{\"@type\":\"EntryPoint\",\"urlTemplate\":\"https:\\\/\\\/www.thebestsocialjobs.com\\\/de\\\/?s={search_term_string}\"},\"query-input\":{\"@type\":\"PropertyValueSpecification\",\"valueRequired\":true,\"valueName\":\"search_term_string\"}}],\"inLanguage\":\"de\"}]}<\/script>\n<!-- \/ Yoast SEO plugin. -->","yoast_head_json":{"title":"FAQ: The Best Social Jobs \u2013\u00a0in der Social Media Branche","description":"The Best Social Jobs ist eine Jobb\u00f6rse f\u00fcr die Social Media Branche. Du findest ausschlie\u00dflich Stellenausschreibungen, die eine Verbindung zum Social Media Bereich aufweisen.","robots":{"index":"index","follow":"follow","max-snippet":"max-snippet:-1","max-image-preview":"max-image-preview:large","max-video-preview":"max-video-preview:-1"},"canonical":"https:\/\/www.thebestsocialjobs.com\/de\/faq\/","og_locale":"de_DE","og_type":"article","og_title":"FAQ: The Best Social Jobs \u2013\u00a0in der Social Media Branche","og_description":"The Best Social Jobs ist eine Jobb\u00f6rse f\u00fcr die Social Media Branche. Du findest ausschlie\u00dflich Stellenausschreibungen, die eine Verbindung zum Social Media Bereich aufweisen.","og_url":"https:\/\/www.thebestsocialjobs.com\/de\/faq\/","og_site_name":"The Best Social Jobs","article_modified_time":"2018-06-25T15:58:30+00:00","og_image":[{"width":800,"height":924,"url":"https:\/\/www.thebestsocialjobs.com\/de\/wp-content\/uploads\/2018\/06\/LOGO_THEBESTSOCIAL-1.png","type":"image\/png"}],"twitter_card":"summary_large_image","twitter_misc":{"Gesch\u00e4tzte Lesezeit":"2\u00a0Minuten"},"schema":{"@context":"https:\/\/schema.org","@graph":[{"@type":"WebPage","@id":"https:\/\/www.thebestsocialjobs.com\/de\/faq\/","url":"https:\/\/www.thebestsocialjobs.com\/de\/faq\/","name":"FAQ: The Best Social Jobs \u2013\u00a0in der Social Media Branche","isPartOf":{"@id":"https:\/\/www.thebestsocialjobs.com\/de\/#website"},"primaryImageOfPage":{"@id":"https:\/\/www.thebestsocialjobs.com\/de\/faq\/#primaryimage"},"image":{"@id":"https:\/\/www.thebestsocialjobs.com\/de\/faq\/#primaryimage"},"thumbnailUrl":"https:\/\/www.thebestsocialjobs.com\/de\/wp-content\/uploads\/2018\/06\/LOGO_THEBESTSOCIAL-1.png","datePublished":"2015-08-12T13:26:12+00:00","dateModified":"2018-06-25T15:58:30+00:00","description":"The Best Social Jobs ist eine Jobb\u00f6rse f\u00fcr die Social Media Branche. Du findest ausschlie\u00dflich Stellenausschreibungen, die eine Verbindung zum Social Media Bereich aufweisen.","breadcrumb":{"@id":"https:\/\/www.thebestsocialjobs.com\/de\/faq\/#breadcrumb"},"inLanguage":"de","potentialAction":[{"@type":"ReadAction","target":["https:\/\/www.thebestsocialjobs.com\/de\/faq\/"]}]},{"@type":"ImageObject","inLanguage":"de","@id":"https:\/\/www.thebestsocialjobs.com\/de\/faq\/#primaryimage","url":"https:\/\/www.thebestsocialjobs.com\/de\/wp-content\/uploads\/2018\/06\/LOGO_THEBESTSOCIAL-1.png","contentUrl":"https:\/\/www.thebestsocialjobs.com\/de\/wp-content\/uploads\/2018\/06\/LOGO_THEBESTSOCIAL-1.png","width":800,"height":924,"caption":"Social Media Branche"},{"@type":"BreadcrumbList","@id":"https:\/\/www.thebestsocialjobs.com\/de\/faq\/#breadcrumb","itemListElement":[{"@type":"ListItem","position":1,"name":"Home","item":"https:\/\/www.thebestsocialjobs.com\/de\/"},{"@type":"ListItem","position":2,"name":"FAQ"}]},{"@type":"WebSite","@id":"https:\/\/www.thebestsocialjobs.com\/de\/#website","url":"https:\/\/www.thebestsocialjobs.com\/de\/","name":"The Best Social Jobs","description":"Die besten Social Media Stellenausschreibungen","potentialAction":[{"@type":"SearchAction","target":{"@type":"EntryPoint","urlTemplate":"https:\/\/www.thebestsocialjobs.com\/de\/?s={search_term_string}"},"query-input":{"@type":"PropertyValueSpecification","valueRequired":true,"valueName":"search_term_string"}}],"inLanguage":"de"}]}},"_links":{"self":[{"href":"https:\/\/www.thebestsocialjobs.com\/de\/wp-json\/wp\/v2\/pages\/314","targetHints":{"allow":["GET"]}}],"collection":[{"href":"https:\/\/www.thebestsocialjobs.com\/de\/wp-json\/wp\/v2\/pages"}],"about":[{"href":"https:\/\/www.thebestsocialjobs.com\/de\/wp-json\/wp\/v2\/types\/page"}],"author":[{"embeddable":true,"href":"https:\/\/www.thebestsocialjobs.com\/de\/wp-json\/wp\/v2\/users\/1"}],"replies":[{"embeddable":true,"href":"https:\/\/www.thebestsocialjobs.com\/de\/wp-json\/wp\/v2\/comments?post=314"}],"version-history":[{"count":36,"href":"https:\/\/www.thebestsocialjobs.com\/de\/wp-json\/wp\/v2\/pages\/314\/revisions"}],"predecessor-version":[{"id":15153,"href":"https:\/\/www.thebestsocialjobs.com\/de\/wp-json\/wp\/v2\/pages\/314\/revisions\/15153"}],"wp:featuredmedia":[{"embeddable":true,"href":"https:\/\/www.thebestsocialjobs.com\/de\/wp-json\/wp\/v2\/media\/15143"}],"wp:attachment":[{"href":"https:\/\/www.thebestsocialjobs.com\/de\/wp-json\/wp\/v2\/media?parent=314"}],"curies":[{"name":"wp","href":"https:\/\/api.w.org\/{rel}","templated":true}]}}