{"id":461,"date":"2015-08-14T18:00:04","date_gmt":"2015-08-14T17:00:04","guid":{"rendered":"http:\/\/93.191.131.246\/~socialjobs\/index.php\/post-a-job-2\/"},"modified":"2020-06-17T15:37:56","modified_gmt":"2020-06-17T13:37:56","slug":"stelle-ausschreiben","status":"publish","type":"page","link":"https:\/\/www.thebestsocialjobs.com\/de\/stelle-ausschreiben\/","title":{"rendered":"Stelle ausschreiben"},"content":{"rendered":"<p><a href=\"https:\/\/www.thebestsocialjobs.com\/de\/\">The Best Social Jobs<\/a> ist eine Initiative von <a href=\"https:\/\/www.thebest.social\/\">The Best Social<\/a>. Hier k\u00f6nnen Sie ihre Stelle ausschreiben.<\/p>\n<p>Abh\u00e4ngig davon, ob eine oder mehrere Stellen ausgeschrieben werden, \u00e4ndert sich der Preis. Eine einzelne Stelle kostet 225 \u20ac und ein Praktikumsplatz 100 \u20ac. Wirf einen Blick auf&nbsp;<a href=\"https:\/\/www.thebestsocialjobs.com\/de\/stelle-ausschreiben\/\">diese Seite<\/a>&nbsp;f\u00fcr alle Tarife. M\u00f6chtest Du Deine Stellenausschreibung nur unter den Followern von The Best Social Jobs teilen? Dann kannst Du dies nun mit der Option \u201cStellenausschreibung teilen\u201d f\u00fcr 100 \u20ac tun. Du stellst selbst einen Link zur Verf\u00fcgung, denn wir dann auf<a href=\"https:\/\/www.facebook.com\/thebestsocialjobs\/\">&nbsp;Facebook<\/a>&nbsp;und&nbsp;<a href=\"https:\/\/www.linkedin.com\/company\/the-best-social-jobs-de\/\">LinkedIn<\/a>&nbsp;posten.<\/p>\n<p>Deine Stellenausschreibung bleibt f\u00fcr 45 Tage online. Sobald diese Zeitspanne vor\u00fcber ist, landet sie automatisch im Archiv. M\u00f6chtest Du Deine Stellenausschreibung vorher von der Plattform runter nehmen? Kein Problem, du kannst diese jederzeit eigenst\u00e4ndig deaktivieren.<\/p>\n<p>&nbsp;<\/p>\n<p>Please fill out the form below<\/p>\n","protected":false},"excerpt":{"rendered":"<p>The Best Social Jobs ist eine Initiative von The Best Social. Hier k\u00f6nnen Sie ihre Stelle ausschreiben. Abh\u00e4ngig davon, ob eine oder mehrere Stellen ausgeschrieben werden, \u00e4ndert sich der Preis. Eine einzelne Stelle kostet 225 \u20ac und ein Praktikumsplatz 100 \u20ac. Wirf einen Blick auf&nbsp;diese Seite&nbsp;f\u00fcr alle Tarife. M\u00f6chtest Du Deine Stellenausschreibung nur unter den [&hellip;]<\/p>\n","protected":false},"author":1,"featured_media":15689,"parent":0,"menu_order":0,"comment_status":"open","ping_status":"open","template":"page-post-a-job.php","meta":{"footnotes":""},"class_list":["post-461","page","type-page","status-publish","has-post-thumbnail","hentry"],"yoast_head":"<!-- This site is optimized with the Yoast SEO plugin v27.5 - https:\/\/yoast.com\/product\/yoast-seo-wordpress\/ -->\n<title>The Best Social Jobs: Jetzt eine Stelle ausschreiben<\/title>\n<meta name=\"description\" content=\"The Best Social Jobs ist ein Stellenportal f\u00fcr die Social Media Branche. Arbeiten auf Social Media oder jetzt eine Stelle ausschreiben \u2013\u00a0The Best Social macht es m\u00f6glich.\" \/>\n<meta name=\"robots\" content=\"index, follow, max-snippet:-1, max-image-preview:large, max-video-preview:-1\" \/>\n<link rel=\"canonical\" href=\"https:\/\/www.thebestsocialjobs.com\/de\/stelle-ausschreiben\/\" \/>\n<meta property=\"og:locale\" content=\"de_DE\" \/>\n<meta property=\"og:type\" content=\"article\" \/>\n<meta property=\"og:title\" content=\"The Best Social Jobs: Jetzt eine Stelle ausschreiben\" \/>\n<meta property=\"og:description\" content=\"The Best Social Jobs ist ein Stellenportal f\u00fcr die Social Media Branche. Arbeiten auf Social Media oder jetzt eine Stelle ausschreiben \u2013\u00a0The Best Social macht es m\u00f6glich.\" \/>\n<meta property=\"og:url\" content=\"https:\/\/www.thebestsocialjobs.com\/de\/stelle-ausschreiben\/\" \/>\n<meta property=\"og:site_name\" content=\"The Best Social Jobs\" \/>\n<meta property=\"article:modified_time\" content=\"2020-06-17T13:37:56+00:00\" \/>\n<meta property=\"og:image\" content=\"https:\/\/www.thebestsocialjobs.com\/de\/wp-content\/uploads\/2020\/06\/push-blogs-Xg2urrNv79AviB7CrgFxNoD-scaled.jpg\" \/>\n\t<meta property=\"og:image:width\" content=\"2560\" \/>\n\t<meta property=\"og:image:height\" content=\"1600\" \/>\n\t<meta property=\"og:image:type\" content=\"image\/jpeg\" \/>\n<meta name=\"twitter:card\" content=\"summary_large_image\" \/>\n<meta name=\"twitter:image\" content=\"https:\/\/www.thebestsocialjobs.com\/de\/wp-content\/uploads\/2020\/06\/push-blogs-Xg2urrNv79AviB7CrgFxNoD-scaled.jpg\" \/>\n<meta name=\"twitter:label1\" content=\"Gesch\u00e4tzte Lesezeit\" \/>\n\t<meta name=\"twitter:data1\" content=\"1\u00a0Minute\" \/>\n<script type=\"application\/ld+json\" class=\"yoast-schema-graph\">{\"@context\":\"https:\\\/\\\/schema.org\",\"@graph\":[{\"@type\":\"WebPage\",\"@id\":\"https:\\\/\\\/www.thebestsocialjobs.com\\\/de\\\/stelle-ausschreiben\\\/\",\"url\":\"https:\\\/\\\/www.thebestsocialjobs.com\\\/de\\\/stelle-ausschreiben\\\/\",\"name\":\"The Best Social Jobs: Jetzt eine Stelle ausschreiben\",\"isPartOf\":{\"@id\":\"https:\\\/\\\/www.thebestsocialjobs.com\\\/de\\\/#website\"},\"primaryImageOfPage\":{\"@id\":\"https:\\\/\\\/www.thebestsocialjobs.com\\\/de\\\/stelle-ausschreiben\\\/#primaryimage\"},\"image\":{\"@id\":\"https:\\\/\\\/www.thebestsocialjobs.com\\\/de\\\/stelle-ausschreiben\\\/#primaryimage\"},\"thumbnailUrl\":\"https:\\\/\\\/www.thebestsocialjobs.com\\\/de\\\/wp-content\\\/uploads\\\/2020\\\/06\\\/push-blogs-Xg2urrNv79AviB7CrgFxNoD-scaled.jpg\",\"datePublished\":\"2015-08-14T17:00:04+00:00\",\"dateModified\":\"2020-06-17T13:37:56+00:00\",\"description\":\"The Best Social Jobs ist ein Stellenportal f\u00fcr die Social Media Branche. Arbeiten auf Social Media oder jetzt eine Stelle ausschreiben \u2013\u00a0The Best Social macht es m\u00f6glich.\",\"breadcrumb\":{\"@id\":\"https:\\\/\\\/www.thebestsocialjobs.com\\\/de\\\/stelle-ausschreiben\\\/#breadcrumb\"},\"inLanguage\":\"de\",\"potentialAction\":[{\"@type\":\"ReadAction\",\"target\":[\"https:\\\/\\\/www.thebestsocialjobs.com\\\/de\\\/stelle-ausschreiben\\\/\"]}]},{\"@type\":\"ImageObject\",\"inLanguage\":\"de\",\"@id\":\"https:\\\/\\\/www.thebestsocialjobs.com\\\/de\\\/stelle-ausschreiben\\\/#primaryimage\",\"url\":\"https:\\\/\\\/www.thebestsocialjobs.com\\\/de\\\/wp-content\\\/uploads\\\/2020\\\/06\\\/push-blogs-Xg2urrNv79AviB7CrgFxNoD-scaled.jpg\",\"contentUrl\":\"https:\\\/\\\/www.thebestsocialjobs.com\\\/de\\\/wp-content\\\/uploads\\\/2020\\\/06\\\/push-blogs-Xg2urrNv79AviB7CrgFxNoD-scaled.jpg\",\"width\":2560,\"height\":1600},{\"@type\":\"BreadcrumbList\",\"@id\":\"https:\\\/\\\/www.thebestsocialjobs.com\\\/de\\\/stelle-ausschreiben\\\/#breadcrumb\",\"itemListElement\":[{\"@type\":\"ListItem\",\"position\":1,\"name\":\"Home\",\"item\":\"https:\\\/\\\/www.thebestsocialjobs.com\\\/de\\\/\"},{\"@type\":\"ListItem\",\"position\":2,\"name\":\"Stelle ausschreiben\"}]},{\"@type\":\"WebSite\",\"@id\":\"https:\\\/\\\/www.thebestsocialjobs.com\\\/de\\\/#website\",\"url\":\"https:\\\/\\\/www.thebestsocialjobs.com\\\/de\\\/\",\"name\":\"The Best Social Jobs\",\"description\":\"Die besten Social Media Stellenausschreibungen\",\"potentialAction\":[{\"@type\":\"SearchAction\",\"target\":{\"@type\":\"EntryPoint\",\"urlTemplate\":\"https:\\\/\\\/www.thebestsocialjobs.com\\\/de\\\/?s={search_term_string}\"},\"query-input\":{\"@type\":\"PropertyValueSpecification\",\"valueRequired\":true,\"valueName\":\"search_term_string\"}}],\"inLanguage\":\"de\"}]}<\/script>\n<!-- \/ Yoast SEO plugin. -->","yoast_head_json":{"title":"The Best Social Jobs: Jetzt eine Stelle ausschreiben","description":"The Best Social Jobs ist ein Stellenportal f\u00fcr die Social Media Branche. Arbeiten auf Social Media oder jetzt eine Stelle ausschreiben \u2013\u00a0The Best Social macht es m\u00f6glich.","robots":{"index":"index","follow":"follow","max-snippet":"max-snippet:-1","max-image-preview":"max-image-preview:large","max-video-preview":"max-video-preview:-1"},"canonical":"https:\/\/www.thebestsocialjobs.com\/de\/stelle-ausschreiben\/","og_locale":"de_DE","og_type":"article","og_title":"The Best Social Jobs: Jetzt eine Stelle ausschreiben","og_description":"The Best Social Jobs ist ein Stellenportal f\u00fcr die Social Media Branche. Arbeiten auf Social Media oder jetzt eine Stelle ausschreiben \u2013\u00a0The Best Social macht es m\u00f6glich.","og_url":"https:\/\/www.thebestsocialjobs.com\/de\/stelle-ausschreiben\/","og_site_name":"The Best Social Jobs","article_modified_time":"2020-06-17T13:37:56+00:00","og_image":[{"width":2560,"height":1600,"url":"https:\/\/www.thebestsocialjobs.com\/de\/wp-content\/uploads\/2020\/06\/push-blogs-Xg2urrNv79AviB7CrgFxNoD-scaled.jpg","type":"image\/jpeg"}],"twitter_card":"summary_large_image","twitter_image":"https:\/\/www.thebestsocialjobs.com\/de\/wp-content\/uploads\/2020\/06\/push-blogs-Xg2urrNv79AviB7CrgFxNoD-scaled.jpg","twitter_misc":{"Gesch\u00e4tzte Lesezeit":"1\u00a0Minute"},"schema":{"@context":"https:\/\/schema.org","@graph":[{"@type":"WebPage","@id":"https:\/\/www.thebestsocialjobs.com\/de\/stelle-ausschreiben\/","url":"https:\/\/www.thebestsocialjobs.com\/de\/stelle-ausschreiben\/","name":"The Best Social Jobs: Jetzt eine Stelle ausschreiben","isPartOf":{"@id":"https:\/\/www.thebestsocialjobs.com\/de\/#website"},"primaryImageOfPage":{"@id":"https:\/\/www.thebestsocialjobs.com\/de\/stelle-ausschreiben\/#primaryimage"},"image":{"@id":"https:\/\/www.thebestsocialjobs.com\/de\/stelle-ausschreiben\/#primaryimage"},"thumbnailUrl":"https:\/\/www.thebestsocialjobs.com\/de\/wp-content\/uploads\/2020\/06\/push-blogs-Xg2urrNv79AviB7CrgFxNoD-scaled.jpg","datePublished":"2015-08-14T17:00:04+00:00","dateModified":"2020-06-17T13:37:56+00:00","description":"The Best Social Jobs ist ein Stellenportal f\u00fcr die Social Media Branche. Arbeiten auf Social Media oder jetzt eine Stelle ausschreiben \u2013\u00a0The Best Social macht es m\u00f6glich.","breadcrumb":{"@id":"https:\/\/www.thebestsocialjobs.com\/de\/stelle-ausschreiben\/#breadcrumb"},"inLanguage":"de","potentialAction":[{"@type":"ReadAction","target":["https:\/\/www.thebestsocialjobs.com\/de\/stelle-ausschreiben\/"]}]},{"@type":"ImageObject","inLanguage":"de","@id":"https:\/\/www.thebestsocialjobs.com\/de\/stelle-ausschreiben\/#primaryimage","url":"https:\/\/www.thebestsocialjobs.com\/de\/wp-content\/uploads\/2020\/06\/push-blogs-Xg2urrNv79AviB7CrgFxNoD-scaled.jpg","contentUrl":"https:\/\/www.thebestsocialjobs.com\/de\/wp-content\/uploads\/2020\/06\/push-blogs-Xg2urrNv79AviB7CrgFxNoD-scaled.jpg","width":2560,"height":1600},{"@type":"BreadcrumbList","@id":"https:\/\/www.thebestsocialjobs.com\/de\/stelle-ausschreiben\/#breadcrumb","itemListElement":[{"@type":"ListItem","position":1,"name":"Home","item":"https:\/\/www.thebestsocialjobs.com\/de\/"},{"@type":"ListItem","position":2,"name":"Stelle ausschreiben"}]},{"@type":"WebSite","@id":"https:\/\/www.thebestsocialjobs.com\/de\/#website","url":"https:\/\/www.thebestsocialjobs.com\/de\/","name":"The Best Social Jobs","description":"Die besten Social Media Stellenausschreibungen","potentialAction":[{"@type":"SearchAction","target":{"@type":"EntryPoint","urlTemplate":"https:\/\/www.thebestsocialjobs.com\/de\/?s={search_term_string}"},"query-input":{"@type":"PropertyValueSpecification","valueRequired":true,"valueName":"search_term_string"}}],"inLanguage":"de"}]}},"_links":{"self":[{"href":"https:\/\/www.thebestsocialjobs.com\/de\/wp-json\/wp\/v2\/pages\/461","targetHints":{"allow":["GET"]}}],"collection":[{"href":"https:\/\/www.thebestsocialjobs.com\/de\/wp-json\/wp\/v2\/pages"}],"about":[{"href":"https:\/\/www.thebestsocialjobs.com\/de\/wp-json\/wp\/v2\/types\/page"}],"author":[{"embeddable":true,"href":"https:\/\/www.thebestsocialjobs.com\/de\/wp-json\/wp\/v2\/users\/1"}],"replies":[{"embeddable":true,"href":"https:\/\/www.thebestsocialjobs.com\/de\/wp-json\/wp\/v2\/comments?post=461"}],"version-history":[{"count":9,"href":"https:\/\/www.thebestsocialjobs.com\/de\/wp-json\/wp\/v2\/pages\/461\/revisions"}],"predecessor-version":[{"id":15691,"href":"https:\/\/www.thebestsocialjobs.com\/de\/wp-json\/wp\/v2\/pages\/461\/revisions\/15691"}],"wp:featuredmedia":[{"embeddable":true,"href":"https:\/\/www.thebestsocialjobs.com\/de\/wp-json\/wp\/v2\/media\/15689"}],"wp:attachment":[{"href":"https:\/\/www.thebestsocialjobs.com\/de\/wp-json\/wp\/v2\/media?parent=461"}],"curies":[{"name":"wp","href":"https:\/\/api.w.org\/{rel}","templated":true}]}}