{"id":472,"date":"2015-08-14T18:42:55","date_gmt":"2015-08-14T17:42:55","guid":{"rendered":"http:\/\/93.191.131.246\/~socialjobs\/index.php\/terms-of-use\/"},"modified":"2018-06-25T17:02:54","modified_gmt":"2018-06-25T15:02:54","slug":"allgemeine-geschaeftsbedingungen","status":"publish","type":"page","link":"https:\/\/www.thebestsocialjobs.com\/de\/allgemeine-geschaeftsbedingungen\/","title":{"rendered":"Allgemeine Gesch\u00e4ftsbedingungen"},"content":{"rendered":"<p><strong><b>ALLGEMEINE GESCH\u00c4FTSBEDINGUNGEN<\/b>\u00a0\u2014 The Best Social Jobs\u00a0<\/strong><\/p>\n<p><span style=\"font-weight: 400;\">The Best Social Jobs ist eine <a href=\"https:\/\/www.thebestsocialjobs.com\/de\/\">Seite f\u00fcr Stellenangebote<\/a>, auf welcher Firmen verf\u00fcgbare Stellenausschreibungen platzieren und verwalten k\u00f6nnen Dies dient dem Zweck, Personen mit einer Affinit\u00e4t zu Social Media anzuwerben. Bei der Seite handelt es sich um eine Initiative von <a href=\"https:\/\/www.thebest.social\/\">The Best Social<\/a>, welche unter der Nummer 66510805 bei der niederl\u00e4ndischen Handelskammer eingetragen ist.<\/span><\/p>\n<p><b>Geistiges Eigentum<br \/>\n<\/b>The Best Social Jobs ist in keinem Fall f\u00fcr die von Kunden gelieferten Texte, sowie die Inhalte der Stellenausschreibungen, verantwortlich. Gleiches gilt f\u00fcr die zur Verf\u00fcgung gestellten Designs und Logos. Diese werden vom Kunden selbst zur Verf\u00fcgung gestellt und verwaltet.<\/p>\n<p><b>Kosten<br \/>\n<\/b>Mit der Zustimmung dieser AGB erkl\u00e4rt sich der Kunde mit der Annahme von Kosten bereit, welche folglich unter \u201cTarife\u201d zu finden sind. The Best Social Jobs liefert umgehenden Service und erwartet die notwendige Zahlung binnen 14 Tage nach Rechnungseingang.<\/p>\n<p><b>Ver\u00f6ffentlichung<br \/>\n<\/b>The Best Social Jobs beh\u00e4lt sich das Recht vor, die von den Kunden bereitgestellten Inhalte, gleichfalls auf den eigenen Social Media Kan\u00e4le von The Best Social Jobs zu publizieren.<\/p>\n<p><b>Moderation<br \/>\n<\/b>The Best Social Jobs beh\u00e4lt sich das Recht vor, Stellenausschreibungen zu entfernen, insofern diese nicht den Richtlinien von The Best Social Jobs entsprechen. In solch einem Fall wird der entsprechende Kunde direkt kontaktiert.<\/p>\n<p><b>Ergebnis<br \/>\n<\/b>The Best Social Jobs \u00fcbernimmt keine Haftung f\u00fcr den Empfang von Bewerbungen oder der Auswahl des passenden Bewerbers.<\/p>\n<p><b>Haftung<br \/>\n<\/b>The Best Social Jobs ist in keinem Fall haftbar f\u00fcr indirekte Folgesch\u00e4den, materielle Sch\u00e4den, oder etwaige Verm\u00f6genssch\u00e4den. Die sonstige Haftung von The Best Social Jobs ist im Falle etwaiger M\u00e4ngel auf den ausgestellten Rechnungsbetrag zu beschr\u00e4nken.<\/p>\n<p><b>Rechtswege und Streitigkeiten<br \/>\n<\/b>F\u00fcr diese Vereinbarung gilt das niederl\u00e4ndische Recht. Der Rechtsweg seitens des Kunden wird ausdr\u00fccklich ausgeschlossen, au\u00dfer bei Abweichungen, die ausdr\u00fccklich schriftlich vereinbart wurden.<\/p>\n<p><span style=\"font-weight: 400;\">Im Falle von Fragen kann Kontakt mit Diederik Broekhuizen unter <\/span><a href=\"mailto:info@thebestsocialjobs.com\"><span style=\"font-weight: 400;\">info@thebestsocialjobs.com<\/span><\/a><span style=\"font-weight: 400;\"> aufgenommen werden.<\/span><\/p>\n","protected":false},"excerpt":{"rendered":"<p>ALLGEMEINE GESCH\u00c4FTSBEDINGUNGEN\u00a0\u2014 The Best Social Jobs\u00a0 The Best Social Jobs ist eine Seite f\u00fcr Stellenangebote, auf welcher Firmen verf\u00fcgbare Stellenausschreibungen platzieren und verwalten k\u00f6nnen Dies dient dem Zweck, Personen mit einer Affinit\u00e4t zu Social Media anzuwerben. Bei der Seite handelt es sich um eine Initiative von The Best Social, welche unter der Nummer 66510805 bei [&hellip;]<\/p>\n","protected":false},"author":1,"featured_media":15139,"parent":0,"menu_order":0,"comment_status":"open","ping_status":"open","template":"","meta":{"footnotes":""},"class_list":["post-472","page","type-page","status-publish","has-post-thumbnail","hentry"],"yoast_head":"<!-- This site is optimized with the Yoast SEO plugin v27.5 - https:\/\/yoast.com\/product\/yoast-seo-wordpress\/ -->\n<title>ALLGEMEINE GESCH\u00c4FTSBEDINGUNGEN\u00a0\u2014 The Best Social Jobs\u00a0<\/title>\n<meta name=\"description\" content=\"The Best Social Jobs ist eine Seite f\u00fcr Stellenangebote, auf welcher Firmen verf\u00fcgbare Stellenausschreibungen platzieren und verwalten k\u00f6nnen Dies dient dem Zweck, Personen mit einer Affinit\u00e4t zu Social Media anzuwerben.\" \/>\n<meta name=\"robots\" content=\"index, follow, max-snippet:-1, max-image-preview:large, max-video-preview:-1\" \/>\n<link rel=\"canonical\" href=\"https:\/\/www.thebestsocialjobs.com\/de\/allgemeine-geschaeftsbedingungen\/\" \/>\n<meta property=\"og:locale\" content=\"de_DE\" \/>\n<meta property=\"og:type\" content=\"article\" \/>\n<meta property=\"og:title\" content=\"ALLGEMEINE GESCH\u00c4FTSBEDINGUNGEN\u00a0\u2014 The Best Social Jobs\u00a0\" \/>\n<meta property=\"og:description\" content=\"The Best Social Jobs ist eine Seite f\u00fcr Stellenangebote, auf welcher Firmen verf\u00fcgbare Stellenausschreibungen platzieren und verwalten k\u00f6nnen Dies dient dem Zweck, Personen mit einer Affinit\u00e4t zu Social Media anzuwerben.\" \/>\n<meta property=\"og:url\" content=\"https:\/\/www.thebestsocialjobs.com\/de\/allgemeine-geschaeftsbedingungen\/\" \/>\n<meta property=\"og:site_name\" content=\"The Best Social Jobs\" \/>\n<meta property=\"article:modified_time\" content=\"2018-06-25T15:02:54+00:00\" \/>\n<meta property=\"og:image\" content=\"https:\/\/www.thebestsocialjobs.com\/de\/wp-content\/uploads\/2018\/06\/BEELDMERK_PUBLISHING.png\" \/>\n\t<meta property=\"og:image:width\" content=\"939\" \/>\n\t<meta property=\"og:image:height\" content=\"1084\" \/>\n\t<meta property=\"og:image:type\" content=\"image\/png\" \/>\n<meta name=\"twitter:card\" content=\"summary_large_image\" \/>\n<meta name=\"twitter:image\" content=\"https:\/\/www.thebestsocialjobs.com\/de\/wp-content\/uploads\/2018\/06\/BEELDMERK_PUBLISHING.png\" \/>\n<meta name=\"twitter:label1\" content=\"Gesch\u00e4tzte Lesezeit\" \/>\n\t<meta name=\"twitter:data1\" content=\"2\u00a0Minuten\" \/>\n<script type=\"application\/ld+json\" class=\"yoast-schema-graph\">{\"@context\":\"https:\\\/\\\/schema.org\",\"@graph\":[{\"@type\":\"WebPage\",\"@id\":\"https:\\\/\\\/www.thebestsocialjobs.com\\\/de\\\/allgemeine-geschaeftsbedingungen\\\/\",\"url\":\"https:\\\/\\\/www.thebestsocialjobs.com\\\/de\\\/allgemeine-geschaeftsbedingungen\\\/\",\"name\":\"ALLGEMEINE GESCH\u00c4FTSBEDINGUNGEN\u00a0\u2014 The Best Social Jobs\u00a0\",\"isPartOf\":{\"@id\":\"https:\\\/\\\/www.thebestsocialjobs.com\\\/de\\\/#website\"},\"primaryImageOfPage\":{\"@id\":\"https:\\\/\\\/www.thebestsocialjobs.com\\\/de\\\/allgemeine-geschaeftsbedingungen\\\/#primaryimage\"},\"image\":{\"@id\":\"https:\\\/\\\/www.thebestsocialjobs.com\\\/de\\\/allgemeine-geschaeftsbedingungen\\\/#primaryimage\"},\"thumbnailUrl\":\"https:\\\/\\\/www.thebestsocialjobs.com\\\/de\\\/wp-content\\\/uploads\\\/2018\\\/06\\\/BEELDMERK_PUBLISHING.png\",\"datePublished\":\"2015-08-14T17:42:55+00:00\",\"dateModified\":\"2018-06-25T15:02:54+00:00\",\"description\":\"The Best Social Jobs ist eine Seite f\u00fcr Stellenangebote, auf welcher Firmen verf\u00fcgbare Stellenausschreibungen platzieren und verwalten k\u00f6nnen Dies dient dem Zweck, Personen mit einer Affinit\u00e4t zu Social Media anzuwerben.\",\"breadcrumb\":{\"@id\":\"https:\\\/\\\/www.thebestsocialjobs.com\\\/de\\\/allgemeine-geschaeftsbedingungen\\\/#breadcrumb\"},\"inLanguage\":\"de\",\"potentialAction\":[{\"@type\":\"ReadAction\",\"target\":[\"https:\\\/\\\/www.thebestsocialjobs.com\\\/de\\\/allgemeine-geschaeftsbedingungen\\\/\"]}]},{\"@type\":\"ImageObject\",\"inLanguage\":\"de\",\"@id\":\"https:\\\/\\\/www.thebestsocialjobs.com\\\/de\\\/allgemeine-geschaeftsbedingungen\\\/#primaryimage\",\"url\":\"https:\\\/\\\/www.thebestsocialjobs.com\\\/de\\\/wp-content\\\/uploads\\\/2018\\\/06\\\/BEELDMERK_PUBLISHING.png\",\"contentUrl\":\"https:\\\/\\\/www.thebestsocialjobs.com\\\/de\\\/wp-content\\\/uploads\\\/2018\\\/06\\\/BEELDMERK_PUBLISHING.png\",\"width\":939,\"height\":1084,\"caption\":\"The Best Social Jobs\"},{\"@type\":\"BreadcrumbList\",\"@id\":\"https:\\\/\\\/www.thebestsocialjobs.com\\\/de\\\/allgemeine-geschaeftsbedingungen\\\/#breadcrumb\",\"itemListElement\":[{\"@type\":\"ListItem\",\"position\":1,\"name\":\"Home\",\"item\":\"https:\\\/\\\/www.thebestsocialjobs.com\\\/de\\\/\"},{\"@type\":\"ListItem\",\"position\":2,\"name\":\"Allgemeine Gesch\u00e4ftsbedingungen\"}]},{\"@type\":\"WebSite\",\"@id\":\"https:\\\/\\\/www.thebestsocialjobs.com\\\/de\\\/#website\",\"url\":\"https:\\\/\\\/www.thebestsocialjobs.com\\\/de\\\/\",\"name\":\"The Best Social Jobs\",\"description\":\"Die besten Social Media Stellenausschreibungen\",\"potentialAction\":[{\"@type\":\"SearchAction\",\"target\":{\"@type\":\"EntryPoint\",\"urlTemplate\":\"https:\\\/\\\/www.thebestsocialjobs.com\\\/de\\\/?s={search_term_string}\"},\"query-input\":{\"@type\":\"PropertyValueSpecification\",\"valueRequired\":true,\"valueName\":\"search_term_string\"}}],\"inLanguage\":\"de\"}]}<\/script>\n<!-- \/ Yoast SEO plugin. -->","yoast_head_json":{"title":"ALLGEMEINE GESCH\u00c4FTSBEDINGUNGEN\u00a0\u2014 The Best Social Jobs\u00a0","description":"The Best Social Jobs ist eine Seite f\u00fcr Stellenangebote, auf welcher Firmen verf\u00fcgbare Stellenausschreibungen platzieren und verwalten k\u00f6nnen Dies dient dem Zweck, Personen mit einer Affinit\u00e4t zu Social Media anzuwerben.","robots":{"index":"index","follow":"follow","max-snippet":"max-snippet:-1","max-image-preview":"max-image-preview:large","max-video-preview":"max-video-preview:-1"},"canonical":"https:\/\/www.thebestsocialjobs.com\/de\/allgemeine-geschaeftsbedingungen\/","og_locale":"de_DE","og_type":"article","og_title":"ALLGEMEINE GESCH\u00c4FTSBEDINGUNGEN\u00a0\u2014 The Best Social Jobs\u00a0","og_description":"The Best Social Jobs ist eine Seite f\u00fcr Stellenangebote, auf welcher Firmen verf\u00fcgbare Stellenausschreibungen platzieren und verwalten k\u00f6nnen Dies dient dem Zweck, Personen mit einer Affinit\u00e4t zu Social Media anzuwerben.","og_url":"https:\/\/www.thebestsocialjobs.com\/de\/allgemeine-geschaeftsbedingungen\/","og_site_name":"The Best Social Jobs","article_modified_time":"2018-06-25T15:02:54+00:00","og_image":[{"width":939,"height":1084,"url":"https:\/\/www.thebestsocialjobs.com\/de\/wp-content\/uploads\/2018\/06\/BEELDMERK_PUBLISHING.png","type":"image\/png"}],"twitter_card":"summary_large_image","twitter_image":"https:\/\/www.thebestsocialjobs.com\/de\/wp-content\/uploads\/2018\/06\/BEELDMERK_PUBLISHING.png","twitter_misc":{"Gesch\u00e4tzte Lesezeit":"2\u00a0Minuten"},"schema":{"@context":"https:\/\/schema.org","@graph":[{"@type":"WebPage","@id":"https:\/\/www.thebestsocialjobs.com\/de\/allgemeine-geschaeftsbedingungen\/","url":"https:\/\/www.thebestsocialjobs.com\/de\/allgemeine-geschaeftsbedingungen\/","name":"ALLGEMEINE GESCH\u00c4FTSBEDINGUNGEN\u00a0\u2014 The Best Social Jobs\u00a0","isPartOf":{"@id":"https:\/\/www.thebestsocialjobs.com\/de\/#website"},"primaryImageOfPage":{"@id":"https:\/\/www.thebestsocialjobs.com\/de\/allgemeine-geschaeftsbedingungen\/#primaryimage"},"image":{"@id":"https:\/\/www.thebestsocialjobs.com\/de\/allgemeine-geschaeftsbedingungen\/#primaryimage"},"thumbnailUrl":"https:\/\/www.thebestsocialjobs.com\/de\/wp-content\/uploads\/2018\/06\/BEELDMERK_PUBLISHING.png","datePublished":"2015-08-14T17:42:55+00:00","dateModified":"2018-06-25T15:02:54+00:00","description":"The Best Social Jobs ist eine Seite f\u00fcr Stellenangebote, auf welcher Firmen verf\u00fcgbare Stellenausschreibungen platzieren und verwalten k\u00f6nnen Dies dient dem Zweck, Personen mit einer Affinit\u00e4t zu Social Media anzuwerben.","breadcrumb":{"@id":"https:\/\/www.thebestsocialjobs.com\/de\/allgemeine-geschaeftsbedingungen\/#breadcrumb"},"inLanguage":"de","potentialAction":[{"@type":"ReadAction","target":["https:\/\/www.thebestsocialjobs.com\/de\/allgemeine-geschaeftsbedingungen\/"]}]},{"@type":"ImageObject","inLanguage":"de","@id":"https:\/\/www.thebestsocialjobs.com\/de\/allgemeine-geschaeftsbedingungen\/#primaryimage","url":"https:\/\/www.thebestsocialjobs.com\/de\/wp-content\/uploads\/2018\/06\/BEELDMERK_PUBLISHING.png","contentUrl":"https:\/\/www.thebestsocialjobs.com\/de\/wp-content\/uploads\/2018\/06\/BEELDMERK_PUBLISHING.png","width":939,"height":1084,"caption":"The Best Social Jobs"},{"@type":"BreadcrumbList","@id":"https:\/\/www.thebestsocialjobs.com\/de\/allgemeine-geschaeftsbedingungen\/#breadcrumb","itemListElement":[{"@type":"ListItem","position":1,"name":"Home","item":"https:\/\/www.thebestsocialjobs.com\/de\/"},{"@type":"ListItem","position":2,"name":"Allgemeine Gesch\u00e4ftsbedingungen"}]},{"@type":"WebSite","@id":"https:\/\/www.thebestsocialjobs.com\/de\/#website","url":"https:\/\/www.thebestsocialjobs.com\/de\/","name":"The Best Social Jobs","description":"Die besten Social Media Stellenausschreibungen","potentialAction":[{"@type":"SearchAction","target":{"@type":"EntryPoint","urlTemplate":"https:\/\/www.thebestsocialjobs.com\/de\/?s={search_term_string}"},"query-input":{"@type":"PropertyValueSpecification","valueRequired":true,"valueName":"search_term_string"}}],"inLanguage":"de"}]}},"_links":{"self":[{"href":"https:\/\/www.thebestsocialjobs.com\/de\/wp-json\/wp\/v2\/pages\/472","targetHints":{"allow":["GET"]}}],"collection":[{"href":"https:\/\/www.thebestsocialjobs.com\/de\/wp-json\/wp\/v2\/pages"}],"about":[{"href":"https:\/\/www.thebestsocialjobs.com\/de\/wp-json\/wp\/v2\/types\/page"}],"author":[{"embeddable":true,"href":"https:\/\/www.thebestsocialjobs.com\/de\/wp-json\/wp\/v2\/users\/1"}],"replies":[{"embeddable":true,"href":"https:\/\/www.thebestsocialjobs.com\/de\/wp-json\/wp\/v2\/comments?post=472"}],"version-history":[{"count":16,"href":"https:\/\/www.thebestsocialjobs.com\/de\/wp-json\/wp\/v2\/pages\/472\/revisions"}],"predecessor-version":[{"id":15141,"href":"https:\/\/www.thebestsocialjobs.com\/de\/wp-json\/wp\/v2\/pages\/472\/revisions\/15141"}],"wp:featuredmedia":[{"embeddable":true,"href":"https:\/\/www.thebestsocialjobs.com\/de\/wp-json\/wp\/v2\/media\/15139"}],"wp:attachment":[{"href":"https:\/\/www.thebestsocialjobs.com\/de\/wp-json\/wp\/v2\/media?parent=472"}],"curies":[{"name":"wp","href":"https:\/\/api.w.org\/{rel}","templated":true}]}}